{"id":1027,"date":"2023-03-16T14:29:14","date_gmt":"2023-03-16T14:29:14","guid":{"rendered":"https:\/\/cleancosta.es\/hooldus\/"},"modified":"2024-10-11T07:25:19","modified_gmt":"2024-10-11T07:25:19","slug":"mantenimiento","status":"publish","type":"page","link":"https:\/\/cleancosta.es\/es\/mantenimiento\/","title":{"rendered":"Servicios de lavander\u00eda industrial"},"content":{"rendered":"\t\t<div data-elementor-type=\"wp-page\" data-elementor-id=\"1027\" class=\"elementor elementor-1027\">\n\t\t\t\t<div class=\"elementor-element elementor-element-04c1f0d e-flex e-con-boxed e-con e-parent\" data-id=\"04c1f0d\" data-element_type=\"container\">\n\t\t\t\t\t<div class=\"e-con-inner\">\n\t\t\t\t<div class=\"elementor-element elementor-element-1ec3f4a elementor-widget elementor-widget-text-editor\" data-id=\"1ec3f4a\" data-element_type=\"widget\" data-widget_type=\"text-editor.default\">\n\t\t\t\t<div class=\"elementor-widget-container\">\n\t\t\t\t\t\t\t<h3 style=\"text-align: center;\">\u00a0<\/h3><h3 style=\"text-align: center;\"><span style=\"color: #000000;\">Clean Costa: Tu Lavander\u00eda Industrial en la Costa del Sol<\/span><\/h3><p style=\"text-align: center;\">\u00a0<\/p><p style=\"text-align: center;\"><span style=\"color: #000000;\"><strong>Clean Costa<\/strong> es una lavander\u00eda industrial ubicada en <strong>Fuengirola<\/strong>, que ofrece servicios profesionales en <strong>toda la Costa del Sol<\/strong>. <\/span><\/p><p style=\"text-align: center;\"><span style=\"color: #000000;\">Nos especializamos en soluciones para <strong>hosteler\u00eda<\/strong> y <strong>apartamentos tur\u00edsticos<\/strong>, garantizando siempre la m\u00e1xima calidad en cada entrega.<\/span><\/p><p style=\"text-align: center;\"><span style=\"color: #000000;\">Fundada en <strong>2024<\/strong> por un equipo de <strong>expertos con amplia experiencia<\/strong> en el sector, Clean Costa combina el uso de <strong>productos de primera calidad<\/strong> y <strong>equipos de \u00faltima generaci\u00f3n<\/strong> para asegurar resultados impecables en cada servicio.<\/span><\/p><p style=\"text-align: center;\"><span style=\"color: #000000;\">Nuestro compromiso es ofrecer a nuestros clientes la eficiencia y profesionalidad que necesitan, adapt\u00e1ndonos a las demandas del sector tur\u00edstico de la regi\u00f3n.<\/span><\/p>\t\t\t\t\t\t<\/div>\n\t\t\t\t<\/div>\n\t\t\t\t\t<\/div>\n\t\t\t\t<\/div>\n\t\t<div class=\"elementor-element elementor-element-e661290 e-flex e-con-boxed e-con e-parent\" data-id=\"e661290\" data-element_type=\"container\">\n\t\t\t\t\t<div class=\"e-con-inner\">\n\t\t\t\t<div class=\"elementor-element elementor-element-427feff elementor-widget elementor-widget-image\" data-id=\"427feff\" data-element_type=\"widget\" data-widget_type=\"image.default\">\n\t\t\t\t<div class=\"elementor-widget-container\">\n\t\t\t\t\t\t\t\t\t\t\t\t\t<img fetchpriority=\"high\" decoding=\"async\" width=\"1170\" height=\"775\" src=\"https:\/\/cleancosta.es\/wp-content\/uploads\/2024\/06\/iStock-1303920534-1480x980.jpg\" class=\"attachment-large size-large wp-image-1410\" alt=\"\" \/>\t\t\t\t\t\t\t\t\t\t\t\t\t<\/div>\n\t\t\t\t<\/div>\n\t\t\t\t\t<\/div>\n\t\t\t\t<\/div>\n\t\t\t\t<\/div>\n\t\t","protected":false},"excerpt":{"rendered":"<p>\u00a0 Clean Costa: Tu Lavander\u00eda Industrial en la Costa del Sol \u00a0 Clean Costa es una lavander\u00eda industrial ubicada en&#8230;<\/p>\n","protected":false},"author":1,"featured_media":0,"parent":0,"menu_order":0,"comment_status":"closed","ping_status":"closed","template":"","meta":{"_acf_changed":false,"rank_math_lock_modified_date":false,"inline_featured_image":false,"footnotes":""},"class_list":["post-1027","page","type-page","status-publish","hentry"],"acf":[],"_links":{"self":[{"href":"https:\/\/cleancosta.es\/es\/wp-json\/wp\/v2\/pages\/1027","targetHints":{"allow":["GET"]}}],"collection":[{"href":"https:\/\/cleancosta.es\/es\/wp-json\/wp\/v2\/pages"}],"about":[{"href":"https:\/\/cleancosta.es\/es\/wp-json\/wp\/v2\/types\/page"}],"author":[{"embeddable":true,"href":"https:\/\/cleancosta.es\/es\/wp-json\/wp\/v2\/users\/1"}],"replies":[{"embeddable":true,"href":"https:\/\/cleancosta.es\/es\/wp-json\/wp\/v2\/comments?post=1027"}],"version-history":[{"count":36,"href":"https:\/\/cleancosta.es\/es\/wp-json\/wp\/v2\/pages\/1027\/revisions"}],"predecessor-version":[{"id":1654,"href":"https:\/\/cleancosta.es\/es\/wp-json\/wp\/v2\/pages\/1027\/revisions\/1654"}],"wp:attachment":[{"href":"https:\/\/cleancosta.es\/es\/wp-json\/wp\/v2\/media?parent=1027"}],"curies":[{"name":"wp","href":"https:\/\/api.w.org\/{rel}","templated":true}]}}