{"id":1035,"date":"2023-02-09T10:54:35","date_gmt":"2023-02-09T10:54:35","guid":{"rendered":"https:\/\/cleancosta.es\/avaleht\/"},"modified":"2024-10-15T10:36:55","modified_gmt":"2024-10-15T10:36:55","slug":"pagina-de-inicio","status":"publish","type":"page","link":"https:\/\/cleancosta.es\/es\/","title":{"rendered":"P\u00e1gina de inicio"},"content":{"rendered":"<div class=\"ama-block block-cover alignmax\"><div class=\"block-component__bg position-absolute\"><img fetchpriority=\"high\" decoding=\"async\" width=\"1920\" height=\"820\" src=\"https:\/\/cleancosta.es\/wp-content\/uploads\/2024\/04\/background-img-1920x820.png\" class=\"attachment-hero-xxl size-hero-xxl\" alt=\"\" \/><\/div><div class=\"acf-innerblocks-container\">\n<p><strong>Lavander\u00eda Clean Costa<\/strong><\/p>\n<p>\u00a1Bienvenidos a Clean Costa!<\/p>\n<p>En Clean Costa, nos especializamos en ofrecer servicios de lavander\u00eda de alta calidad. Utilizamos tecnolog\u00eda avanzada y productos de primera categor\u00eda para garantizar que tu ropa reciba el mejor cuidado. Nuestro equipo profesional est\u00e1 comprometido con la excelencia, asegurando resultados impecables y una atenci\u00f3n al cliente excepcional.<\/p>\n<p>\u00a0<\/p>\n<p><strong>\u00bfQu\u00e9 ofrecemos?<\/strong><\/p>\n<ul>\n<li>Lavado y secado tradicional<\/li>\n<li>Tratamiento de manchas dif\u00edciles<\/li>\n<li>Cuidado de textiles delicados<\/li>\n<li>Lavado de alfombras<\/li>\n<li>Limpieza y cuidado de cortinas<\/li>\n<li>Servicio de lavander\u00eda industrial<\/li>\n<li>Planchado profesional<\/li>\n<li>Lavado de edredones, mantas y almohadas<\/li>\n<\/ul>\n<p>\u00a0<\/p>\n<p>Nos adaptamos a tus necesidades, garantizando que cada prenda o art\u00edculo que nos conf\u00edes est\u00e9 en las mejores manos.<\/p>\n<p>\u00a0<\/p>\n<p>.<\/p>\n<div class=\"ama-block block-imgcontent-grid overflow-hidden\"><div class=\"d-flex flex-wrap justify-content-center\"><div class=\"flex-item text-center\"><img decoding=\"async\" width=\"400\" height=\"250\" src=\"https:\/\/cleancosta.es\/wp-content\/uploads\/2023\/05\/Mask-Group-396.png\" class=\"attachment-thumbnail size-thumbnail\" alt=\"\" \/><p class=\"is-dark-color\">Paquete b\u00e1sico<\/p><p class=\"fw-bold\">Limpieza por \u00fanica vez<\/p><p class=\"has-medium-font-size\">El cliente solicita la limpieza seg\u00fan sus necesidades sin compromisos.<\/p><\/div><div class=\"flex-item text-center\"><img decoding=\"async\" width=\"400\" height=\"250\" src=\"https:\/\/cleancosta.es\/wp-content\/uploads\/2023\/05\/Mask-Group-394.png\" class=\"attachment-thumbnail size-thumbnail\" alt=\"\" \/><p class=\"is-dark-color\">Paquete b\u00e1sico<\/p><p class=\"fw-bold\">Limpieza regular<\/p><p class=\"has-medium-font-size\">Nuestro limpiador profesional brinda servicios de limpieza seg\u00fan el acuerdo. Lo m\u00e1s com\u00fan es una vez por semana.<\/p><\/div><div class=\"flex-item text-center\"><img loading=\"lazy\" decoding=\"async\" width=\"400\" height=\"250\" src=\"https:\/\/cleancosta.es\/wp-content\/uploads\/2023\/05\/Mask-Group-397.png\" class=\"attachment-thumbnail size-thumbnail\" alt=\"\" \/><p class=\"is-dark-color\">Solicitudes especiales<\/p><p class=\"fw-bold\">Para limpiezas m\u00e1s exhaustivas y limpieza de ventanas, cont\u00e1ctenos y le enviaremos un presupuesto.<\/p><\/div><\/div><\/div>\t\t\n\t\t\t\t\t\t\t\t\t\t\t\t\t<img loading=\"lazy\" decoding=\"async\" width=\"400\" height=\"250\" src=\"https:\/\/cleancosta.es\/wp-content\/uploads\/2024\/10\/IMG_7685-400x250.jpg\" alt=\"\" \/><\/div><\/div>","protected":false},"excerpt":{"rendered":"","protected":false},"author":1,"featured_media":0,"parent":0,"menu_order":0,"comment_status":"closed","ping_status":"closed","template":"","meta":{"_acf_changed":false,"rank_math_lock_modified_date":false,"inline_featured_image":false,"footnotes":"[]"},"class_list":["post-1035","page","type-page","status-publish","hentry"],"acf":[],"_links":{"self":[{"href":"https:\/\/cleancosta.es\/es\/wp-json\/wp\/v2\/pages\/1035","targetHints":{"allow":["GET"]}}],"collection":[{"href":"https:\/\/cleancosta.es\/es\/wp-json\/wp\/v2\/pages"}],"about":[{"href":"https:\/\/cleancosta.es\/es\/wp-json\/wp\/v2\/types\/page"}],"author":[{"embeddable":true,"href":"https:\/\/cleancosta.es\/es\/wp-json\/wp\/v2\/users\/1"}],"replies":[{"embeddable":true,"href":"https:\/\/cleancosta.es\/es\/wp-json\/wp\/v2\/comments?post=1035"}],"version-history":[{"count":38,"href":"https:\/\/cleancosta.es\/es\/wp-json\/wp\/v2\/pages\/1035\/revisions"}],"predecessor-version":[{"id":1685,"href":"https:\/\/cleancosta.es\/es\/wp-json\/wp\/v2\/pages\/1035\/revisions\/1685"}],"wp:attachment":[{"href":"https:\/\/cleancosta.es\/es\/wp-json\/wp\/v2\/media?parent=1035"}],"curies":[{"name":"wp","href":"https:\/\/api.w.org\/{rel}","templated":true}]}}