{"id":1593,"date":"2024-09-18T10:04:16","date_gmt":"2024-09-18T10:04:16","guid":{"rendered":"https:\/\/cleancosta.es\/?page_id=1593"},"modified":"2024-10-11T07:20:12","modified_gmt":"2024-10-11T07:20:12","slug":"elementor-1593","status":"publish","type":"page","link":"https:\/\/cleancosta.es\/es\/elementor-1593\/","title":{"rendered":"Precios"},"content":{"rendered":"\t\t<div data-elementor-type=\"wp-page\" data-elementor-id=\"1593\" class=\"elementor elementor-1593\">\n\t\t\t\t<div class=\"elementor-element elementor-element-7417ff4 e-flex e-con-boxed e-con e-parent\" data-id=\"7417ff4\" data-element_type=\"container\">\n\t\t\t\t\t<div class=\"e-con-inner\">\n\t\t\t\t<div class=\"elementor-element elementor-element-185fd78 elementor-widget elementor-widget-text-editor\" data-id=\"185fd78\" data-element_type=\"widget\" data-widget_type=\"text-editor.default\">\n\t\t\t\t<div class=\"elementor-widget-container\">\n\t\t\t\t\t\t\t<p style=\"caret-color: #000000; color: #000000;\">En nuestra lavander\u00eda industrial, ofrecemos un\u00a0<strong>precio competitivo de 2,5 \u20ac por kilo<\/strong>, con un\u00a0<strong>m\u00ednimo de 5 kg por pedido<\/strong>.<\/p><p style=\"caret-color: #000000; color: #000000;\">\u00a0<\/p><p style=\"caret-color: #000000; color: #000000;\">\u00a0Al especializarnos en grandes vol\u00famenes, garantizamos un servicio eficiente y de alta calidad para satisfacer las necesidades de su negocio.<\/p><h4 style=\"caret-color: #000000; color: #000000;\">\u00a0<\/h4><h4 style=\"caret-color: #000000; color: #000000;\">\u00bfQu\u00e9 significa esto en la pr\u00e1ctica?<\/h4><p style=\"caret-color: #000000; color: #000000;\">Para que tengas una idea aproximada del volumen, por ejemplo:<\/p><ul style=\"caret-color: #000000; color: #000000;\"><li><strong>Una s\u00e1bana de algod\u00f3n o una toalla de ba\u00f1o grande<\/strong>\u00a0pesa alrededor de\u00a0<strong>650 gramos<\/strong>.<\/li><li><strong>Una toalla de ba\u00f1o peque\u00f1a<\/strong>\u00a0ronda los\u00a0<strong>200 gramos<\/strong>.<\/li><\/ul><h3 style=\"caret-color: #000000; color: #000000;\">\u00a0<\/h3><h3 style=\"caret-color: #000000; color: #000000;\">Soluciones personalizadas para empresas<\/h3><p style=\"caret-color: #000000; color: #000000;\">Si eres una empresa o gestionas un negocio como un hotel, restaurante, gimnasio o spa, \u00a1estamos aqu\u00ed para adaptarnos a ti! Ofrecemos presupuestos personalizados basados en el volumen y la frecuencia de servicio que necesites.<\/p><p style=\"caret-color: #000000; color: #000000;\"><strong>Cont\u00e1ctanos<\/strong>\u00a0y te haremos una oferta ajustada a tus requerimientos, asegurando una excelente relaci\u00f3n calidad-precio.<\/p>\t\t\t\t\t\t<\/div>\n\t\t\t\t<\/div>\n\t\t\t\t\t<\/div>\n\t\t\t\t<\/div>\n\t\t\t\t<\/div>\n\t\t","protected":false},"excerpt":{"rendered":"<p>En nuestra lavander\u00eda industrial, ofrecemos un\u00a0precio competitivo de 2,5 \u20ac por kilo, con un\u00a0m\u00ednimo de 5 kg por pedido. \u00a0&#8230;<\/p>\n","protected":false},"author":1,"featured_media":0,"parent":0,"menu_order":0,"comment_status":"closed","ping_status":"closed","template":"","meta":{"_acf_changed":false,"rank_math_lock_modified_date":false,"inline_featured_image":false,"footnotes":""},"class_list":["post-1593","page","type-page","status-publish","hentry"],"acf":[],"_links":{"self":[{"href":"https:\/\/cleancosta.es\/es\/wp-json\/wp\/v2\/pages\/1593","targetHints":{"allow":["GET"]}}],"collection":[{"href":"https:\/\/cleancosta.es\/es\/wp-json\/wp\/v2\/pages"}],"about":[{"href":"https:\/\/cleancosta.es\/es\/wp-json\/wp\/v2\/types\/page"}],"author":[{"embeddable":true,"href":"https:\/\/cleancosta.es\/es\/wp-json\/wp\/v2\/users\/1"}],"replies":[{"embeddable":true,"href":"https:\/\/cleancosta.es\/es\/wp-json\/wp\/v2\/comments?post=1593"}],"version-history":[{"count":11,"href":"https:\/\/cleancosta.es\/es\/wp-json\/wp\/v2\/pages\/1593\/revisions"}],"predecessor-version":[{"id":1648,"href":"https:\/\/cleancosta.es\/es\/wp-json\/wp\/v2\/pages\/1593\/revisions\/1648"}],"wp:attachment":[{"href":"https:\/\/cleancosta.es\/es\/wp-json\/wp\/v2\/media?parent=1593"}],"curies":[{"name":"wp","href":"https:\/\/api.w.org\/{rel}","templated":true}]}}